{"id":253,"date":"2018-05-13T12:23:46","date_gmt":"2018-05-13T10:23:46","guid":{"rendered":"http:\/\/oelna.de\/blog\/?page_id=253"},"modified":"2018-05-19T20:45:54","modified_gmt":"2018-05-19T18:45:54","slug":"impressum","status":"publish","type":"page","link":"https:\/\/oelna.de\/blog\/impressum","title":{"rendered":"Impressum"},"content":{"rendered":"<h3>Kontakt<\/h3>\n<p>E-Mail: oelna@oelna.de<br \/>\nInternet: https:\/\/oelna.de\/<\/p>\n<p><em>Inhaltlich Verantwortlicher gem\u00e4\u00df \u00a710 Absatz 3 MDStV:<\/em><br \/>\nArno Richter<br \/>\nEichelsheimer Str. 32<br \/>\n68163 Mannheim<\/p>\n<p><em>Haftungshinweis:<\/em><br \/>Trotz sorgf\u00e4ltiger inhaltlicher Kontrolle \u00fcbernehmen wir keine Haftung f\u00fcr die Inhalte externer Links. F\u00fcr den Inhalt der verlinkten Seiten sind ausschlie\u00dflich deren Betreiber verantwortlich. S\u00e4mtliche pers\u00f6nlichen \u00c4usserungen sind als Satire anzusehen.<\/p>\n<h3>Auskunftsrecht<\/h3>\n<p>Wenn Sie Fragen haben, die Ihnen diese Datenschutzerkl\u00e4rung nicht beantworten konnte oder wenn Sie zu einem Punkt vertiefte Informationen w\u00fcnschen, wenden Sie sich bitte jederzeit an mich.<\/p>\n","protected":false},"excerpt":{"rendered":"<p>Kontakt E-Mail: oelna@oelna.de Internet: https:\/\/oelna.de\/ Inhaltlich Verantwortlicher gem\u00e4\u00df \u00a710 Absatz 3 MDStV: Arno Richter Eichelsheimer Str. 32 68163 Mannheim Haftungshinweis:Trotz sorgf\u00e4ltiger inhaltlicher Kontrolle \u00fcbernehmen wir keine Haftung f\u00fcr die Inhalte externer Links. F\u00fcr den Inhalt der verlinkten Seiten sind ausschlie\u00dflich deren Betreiber verantwortlich. S\u00e4mtliche pers\u00f6nlichen \u00c4usserungen sind als Satire anzusehen. Auskunftsrecht Wenn Sie Fragen haben, [&hellip;]<\/p>\n","protected":false},"author":1,"featured_media":0,"parent":0,"menu_order":0,"comment_status":"closed","ping_status":"closed","template":"","meta":{"footnotes":""},"class_list":["post-253","page","type-page","status-publish","hentry"],"_links":{"self":[{"href":"https:\/\/oelna.de\/blog\/wp-json\/wp\/v2\/pages\/253","targetHints":{"allow":["GET"]}}],"collection":[{"href":"https:\/\/oelna.de\/blog\/wp-json\/wp\/v2\/pages"}],"about":[{"href":"https:\/\/oelna.de\/blog\/wp-json\/wp\/v2\/types\/page"}],"author":[{"embeddable":true,"href":"https:\/\/oelna.de\/blog\/wp-json\/wp\/v2\/users\/1"}],"replies":[{"embeddable":true,"href":"https:\/\/oelna.de\/blog\/wp-json\/wp\/v2\/comments?post=253"}],"version-history":[{"count":9,"href":"https:\/\/oelna.de\/blog\/wp-json\/wp\/v2\/pages\/253\/revisions"}],"predecessor-version":[{"id":4210,"href":"https:\/\/oelna.de\/blog\/wp-json\/wp\/v2\/pages\/253\/revisions\/4210"}],"wp:attachment":[{"href":"https:\/\/oelna.de\/blog\/wp-json\/wp\/v2\/media?parent=253"}],"curies":[{"name":"wp","href":"https:\/\/api.w.org\/{rel}","templated":true}]}}